{"id":165,"date":"2023-07-13T20:38:05","date_gmt":"2023-07-13T20:38:05","guid":{"rendered":"https:\/\/cervicusco.org\/?page_id=165"},"modified":"2025-05-24T17:34:10","modified_gmt":"2025-05-24T21:34:10","slug":"donate","status":"publish","type":"page","link":"https:\/\/cervicusco.org\/es\/donate\/","title":{"rendered":"Donar"},"content":{"rendered":"<style>.kb-row-layout-id165_0abe15-0d > .kt-row-column-wrap{align-content:center;}:where(.kb-row-layout-id165_0abe15-0d > .kt-row-column-wrap) > .wp-block-kadence-column{justify-content:center;}.kb-row-layout-id165_0abe15-0d > .kt-row-column-wrap{column-gap:var(--global-kb-gap-md, 2rem);row-gap:var(--global-kb-gap-md, 2rem);max-width:var( --global-content-width, 1290px );padding-left:var(--global-content-edge-padding);padding-right:var(--global-content-edge-padding);padding-top:var(--global-kb-spacing-lg, 3rem);padding-bottom:var(--global-kb-spacing-lg, 3rem);min-height:40vh;grid-template-columns:minmax(0, 1fr);}.kb-row-layout-id165_0abe15-0d{background-image:url('https:\/\/cervicusco.org\/wp-content\/uploads\/2023\/08\/machu-picchu.jpg');background-size:cover;background-position:15% 68%;background-attachment:scroll;background-repeat:no-repeat;}.kb-row-layout-id165_0abe15-0d > .kt-row-layout-overlay{opacity:0.85;background:linear-gradient(0deg,var(--global-palette3,#000000) 0%,var(--global-palette1,#349195) 100%);mix-blend-mode:normal;}.kb-row-layout-id165_0abe15-0d .kt-row-layout-bottom-sep{height:30px;}.kb-row-layout-id165_0abe15-0d .kt-row-layout-bottom-sep svg{width:110%;}.kb-row-layout-id165_0abe15-0d .kt-row-layout-bottom-sep svg{fill:var(--global-palette9, #ffffff)!important;}@media all and (max-width: 1024px){.kb-row-layout-id165_0abe15-0d > .kt-row-column-wrap{grid-template-columns:minmax(0, 1fr);}}@media all and (max-width: 1024px){.kb-row-layout-id165_0abe15-0d .kt-row-layout-bottom-sep{height:px;}}@media all and (max-width: 1024px){.kb-row-layout-id165_0abe15-0d .kt-row-layout-bottom-sep svg{width:%;}}@media all and (max-width: 767px){.kb-row-layout-id165_0abe15-0d > .kt-row-column-wrap{padding-top:var(--global-kb-spacing-xxl, 5rem);padding-right:var(--global-kb-spacing-xs, 1rem);padding-left:var(--global-kb-spacing-xs, 1rem);grid-template-columns:minmax(0, 1fr);}.kb-row-layout-id165_0abe15-0d .kt-row-layout-bottom-sep{height:px;}.kb-row-layout-id165_0abe15-0d .kt-row-layout-bottom-sep svg{width:%;}}<\/style><div class=\"kb-row-layout-wrap kb-row-layout-id165_0abe15-0d alignfull has-theme-palette3-background-color kt-row-has-bg page-header-layout  wp-block-kadence-rowlayout\"><div class=\"kt-row-layout-overlay kt-row-overlay-gradient\"><\/div><div class=\"kt-row-layout-bottom-sep kt-row-sep-type-sltr\"><svg viewBox=\"0 0 1000 100\" preserveAspectRatio=\"none\"><path d=\"M0,0l1000,100l-1000,0l0,-100Z\" \/><\/svg><\/div><div class=\"kt-row-column-wrap kt-has-1-columns kt-row-layout-equal kt-tab-layout-inherit kt-mobile-layout-row kt-row-valign-middle kb-theme-content-width\">\n<style>.kadence-column165_589d8f-70 > .kt-inside-inner-col{display:flex;}.kadence-column165_589d8f-70 > .kt-inside-inner-col{padding-bottom:0px;}.kadence-column165_589d8f-70 > .kt-inside-inner-col,.kadence-column165_589d8f-70 > .kt-inside-inner-col:before{border-top-left-radius:0px;border-top-right-radius:0px;border-bottom-right-radius:0px;border-bottom-left-radius:0px;}.kadence-column165_589d8f-70 > .kt-inside-inner-col{column-gap:var(--global-kb-gap-sm, 1rem);}.kadence-column165_589d8f-70 > .kt-inside-inner-col{flex-direction:column;justify-content:center;}.kadence-column165_589d8f-70 > .kt-inside-inner-col > .aligncenter{width:100%;}.kt-row-column-wrap > .kadence-column165_589d8f-70{align-self:center;}.kt-inner-column-height-full:not(.kt-has-1-columns) > .wp-block-kadence-column.kadence-column165_589d8f-70{align-self:auto;}.kt-inner-column-height-full:not(.kt-has-1-columns) > .wp-block-kadence-column.kadence-column165_589d8f-70 > .kt-inside-inner-col{flex-direction:column;justify-content:center;}.kadence-column165_589d8f-70 > .kt-inside-inner-col:before{opacity:0.3;}.kadence-column165_589d8f-70{text-align:center;}.kadence-column165_589d8f-70{position:relative;}.kadence-column165_589d8f-70, .kt-inside-inner-col > .kadence-column165_589d8f-70:not(.specificity){margin-bottom:0px;}@media all and (max-width: 1024px){.kt-row-column-wrap > .kadence-column165_589d8f-70{align-self:center;}}@media all and (max-width: 1024px){.kt-inner-column-height-full:not(.kt-has-1-columns) > .wp-block-kadence-column.kadence-column165_589d8f-70{align-self:auto;}}@media all and (max-width: 1024px){.kt-inner-column-height-full:not(.kt-has-1-columns) > .wp-block-kadence-column.kadence-column165_589d8f-70 > .kt-inside-inner-col{flex-direction:column;justify-content:center;}}@media all and (max-width: 1024px){.kadence-column165_589d8f-70 > .kt-inside-inner-col{flex-direction:column;justify-content:center;}}@media all and (max-width: 767px){.kt-row-column-wrap > .kadence-column165_589d8f-70{align-self:center;}.kt-inner-column-height-full:not(.kt-has-1-columns) > .wp-block-kadence-column.kadence-column165_589d8f-70{align-self:auto;}.kt-inner-column-height-full:not(.kt-has-1-columns) > .wp-block-kadence-column.kadence-column165_589d8f-70 > .kt-inside-inner-col{flex-direction:column;justify-content:center;}.kadence-column165_589d8f-70 > .kt-inside-inner-col{flex-direction:column;justify-content:center;}}<\/style>\n<div class=\"wp-block-kadence-column kadence-column165_589d8f-70 kb-section-dir-vertical page-header-column\"><div class=\"kt-inside-inner-col\"><style>.wp-block-kadence-advancedheading.kt-adv-heading165_5ad103-74, .wp-block-kadence-advancedheading.kt-adv-heading165_5ad103-74[data-kb-block=\"kb-adv-heading165_5ad103-74\"]{padding-top:0px;padding-bottom:0px;margin-top:0px;margin-bottom:0px;text-align:center;font-size:var(--global-kb-font-size-xxl, 4rem);line-height:1;font-style:normal;}.wp-block-kadence-advancedheading.kt-adv-heading165_5ad103-74 mark.kt-highlight, .wp-block-kadence-advancedheading.kt-adv-heading165_5ad103-74[data-kb-block=\"kb-adv-heading165_5ad103-74\"] mark.kt-highlight{font-style:normal;color:#f76a0c;-webkit-box-decoration-break:clone;box-decoration-break:clone;padding-top:0px;padding-right:0px;padding-bottom:0px;padding-left:0px;}.wp-block-kadence-advancedheading.kt-adv-heading165_5ad103-74 img.kb-inline-image, .wp-block-kadence-advancedheading.kt-adv-heading165_5ad103-74[data-kb-block=\"kb-adv-heading165_5ad103-74\"] img.kb-inline-image{width:150px;vertical-align:baseline;}<\/style>\n<h1 class=\"kt-adv-heading165_5ad103-74 page-header-title  wp-block-kadence-advancedheading has-theme-palette-8-color has-text-color\" data-kb-block=\"kb-adv-heading165_5ad103-74\">Donate.<\/h1>\n\n\n<style>.wp-block-kadence-advancedheading.kt-adv-heading165_e7483b-b0, .wp-block-kadence-advancedheading.kt-adv-heading165_e7483b-b0[data-kb-block=\"kb-adv-heading165_e7483b-b0\"]{max-width:584px;margin-right:auto;margin-left:auto;padding-top:0px;padding-right:0px;padding-bottom:0px;padding-left:0px;margin-top:var(--global-kb-spacing-sm, 1.5rem);margin-bottom:var(--global-kb-spacing-sm, 1.5rem);text-align:center;font-style:normal;border-top-left-radius:10px;border-top-right-radius:10px;border-bottom-right-radius:10px;border-bottom-left-radius:10px;}.wp-block-kadence-advancedheading.kt-adv-heading165_e7483b-b0 mark.kt-highlight, .wp-block-kadence-advancedheading.kt-adv-heading165_e7483b-b0[data-kb-block=\"kb-adv-heading165_e7483b-b0\"] mark.kt-highlight{font-style:normal;color:#f76a0c;-webkit-box-decoration-break:clone;box-decoration-break:clone;padding-top:0px;padding-right:0px;padding-bottom:0px;padding-left:0px;}.wp-block-kadence-advancedheading.kt-adv-heading165_e7483b-b0 img.kb-inline-image, .wp-block-kadence-advancedheading.kt-adv-heading165_e7483b-b0[data-kb-block=\"kb-adv-heading165_e7483b-b0\"] img.kb-inline-image{width:150px;vertical-align:baseline;}<\/style>\n<p class=\"kt-adv-heading165_e7483b-b0 page-header-description  wp-block-kadence-advancedheading has-theme-palette-8-color has-text-color\" data-kb-block=\"kb-adv-heading165_e7483b-b0\">At the core of our purpose lies a profound dedication to enhance the health and well-being of every Peruvian. Our pursuit is characterized by medical excellence merged with genuine compassion, forging a comprehensive approach to healthcare. Through this synergy, we aim to bridge disparities, overcome obstacles, and instill enduring change in the lives we touch.<\/p>\n\n\n<style>.wp-block-kadence-advancedbtn.kt-btns165_a1908d-1a, .site .entry-content .wp-block-kadence-advancedbtn.kt-btns165_a1908d-1a, .wp-block-kadence-advancedbtn.kb-btns165_a1908d-1a, .site .entry-content .wp-block-kadence-advancedbtn.kb-btns165_a1908d-1a{margin-bottom:0px;}.wp-block-kadence-advancedbtn.kb-btns165_a1908d-1a{gap:var(--global-kb-gap-xs, 0.5rem );justify-content:center;align-items:center;}.kt-btns165_a1908d-1a .kt-button{font-weight:normal;font-style:normal;}<\/style>\n<div class=\"wp-block-kadence-advancedbtn kb-buttons-wrap kb-btns165_a1908d-1a\"><style>ul.menu .wp-block-kadence-advancedbtn .kb-btn165_2f47c1-76.kb-button{width:initial;}<\/style><a class=\"kb-button kt-button button kb-btn165_2f47c1-76 kt-btn-size-standard kt-btn-width-type-auto kb-btn-global-inherit  kt-btn-has-text-true kt-btn-has-svg-false  wp-block-button__link page-header-button  wp-block-kadence-singlebtn\" href=\"https:\/\/www.paypal.com\/donate\/?hosted_button_id=MW6R2D3WKFY2E\" target=\"_blank\" rel=\"noreferrer noopener\"><span class=\"kt-btn-inner-text\">Help Today<\/span><\/a><\/div>\n<\/div><\/div>\n\n<\/div><\/div>\n\n<style>.kb-row-layout-id165_8f0273-61 > .kt-row-column-wrap{align-content:start;}:where(.kb-row-layout-id165_8f0273-61 > .kt-row-column-wrap) > .wp-block-kadence-column{justify-content:start;}.kb-row-layout-id165_8f0273-61 > .kt-row-column-wrap{column-gap:var(--global-kb-gap-md, 2rem);row-gap:var(--global-kb-gap-md, 2rem);padding-top:var(--global-kb-spacing-sm, 1.5rem);padding-bottom:var(--global-kb-spacing-sm, 1.5rem);grid-template-columns:repeat(2, minmax(0, 1fr));}.kb-row-layout-id165_8f0273-61 > .kt-row-layout-overlay{opacity:0.30;}@media all and (max-width: 1024px){.kb-row-layout-id165_8f0273-61 > .kt-row-column-wrap{grid-template-columns:repeat(2, minmax(0, 1fr));}}@media all and (max-width: 767px){.kb-row-layout-id165_8f0273-61 > .kt-row-column-wrap{grid-template-columns:minmax(0, 1fr);}}<\/style><div class=\"kb-row-layout-wrap kb-row-layout-id165_8f0273-61 alignnone wp-block-kadence-rowlayout\"><div class=\"kt-row-column-wrap kt-has-2-columns kt-row-layout-equal kt-tab-layout-inherit kt-mobile-layout-row kt-row-valign-top\">\n<style>.kadence-column165_239807-f3 > .kt-inside-inner-col,.kadence-column165_239807-f3 > .kt-inside-inner-col:before{border-top-left-radius:0px;border-top-right-radius:0px;border-bottom-right-radius:0px;border-bottom-left-radius:0px;}.kadence-column165_239807-f3 > .kt-inside-inner-col{column-gap:var(--global-kb-gap-sm, 1rem);}.kadence-column165_239807-f3 > .kt-inside-inner-col{flex-direction:column;}.kadence-column165_239807-f3 > .kt-inside-inner-col > .aligncenter{width:100%;}.kadence-column165_239807-f3 > .kt-inside-inner-col:before{opacity:0.3;}.kadence-column165_239807-f3{position:relative;}@media all and (max-width: 1024px){.kadence-column165_239807-f3 > .kt-inside-inner-col{flex-direction:column;justify-content:center;}}@media all and (max-width: 767px){.kadence-column165_239807-f3 > .kt-inside-inner-col{flex-direction:column;justify-content:center;}}<\/style>\n<div class=\"wp-block-kadence-column kadence-column165_239807-f3 kb-section-dir-vertical\"><div class=\"kt-inside-inner-col\"><style>.wp-block-kadence-advancedheading.kt-adv-heading165_c917c7-ac, .wp-block-kadence-advancedheading.kt-adv-heading165_c917c7-ac[data-kb-block=\"kb-adv-heading165_c917c7-ac\"]{margin-top:0px;margin-bottom:var(--global-kb-spacing-sm, 1.5rem);text-align:left;font-size:var(--global-kb-font-size-sm, 0.9rem);font-weight:500;font-style:normal;text-transform:uppercase;}.wp-block-kadence-advancedheading.kt-adv-heading165_c917c7-ac mark.kt-highlight, .wp-block-kadence-advancedheading.kt-adv-heading165_c917c7-ac[data-kb-block=\"kb-adv-heading165_c917c7-ac\"] mark.kt-highlight{font-style:normal;color:#f76a0c;-webkit-box-decoration-break:clone;box-decoration-break:clone;padding-top:0px;padding-right:0px;padding-bottom:0px;padding-left:0px;}.wp-block-kadence-advancedheading.kt-adv-heading165_c917c7-ac img.kb-inline-image, .wp-block-kadence-advancedheading.kt-adv-heading165_c917c7-ac[data-kb-block=\"kb-adv-heading165_c917c7-ac\"] img.kb-inline-image{width:150px;vertical-align:baseline;}<\/style>\n<p class=\"kt-adv-heading165_c917c7-ac wp-block-kadence-advancedheading has-theme-palette-4-color has-text-color\" data-kb-block=\"kb-adv-heading165_c917c7-ac\">help us aid those in need<\/p>\n\n\n<style>.wp-block-kadence-advancedheading.kt-adv-heading165_b9726b-8c, .wp-block-kadence-advancedheading.kt-adv-heading165_b9726b-8c[data-kb-block=\"kb-adv-heading165_b9726b-8c\"]{margin-top:0px;margin-bottom:var(--global-kb-spacing-sm, 1.5rem);text-align:left;font-size:var(--global-kb-font-size-xl, 3rem);line-height:1.2em;font-style:normal;}.wp-block-kadence-advancedheading.kt-adv-heading165_b9726b-8c mark.kt-highlight, .wp-block-kadence-advancedheading.kt-adv-heading165_b9726b-8c[data-kb-block=\"kb-adv-heading165_b9726b-8c\"] mark.kt-highlight{font-style:normal;color:#f76a0c;-webkit-box-decoration-break:clone;box-decoration-break:clone;padding-top:0px;padding-right:0px;padding-bottom:0px;padding-left:0px;}.wp-block-kadence-advancedheading.kt-adv-heading165_b9726b-8c img.kb-inline-image, .wp-block-kadence-advancedheading.kt-adv-heading165_b9726b-8c[data-kb-block=\"kb-adv-heading165_b9726b-8c\"] img.kb-inline-image{width:150px;vertical-align:baseline;}<\/style>\n<h2 id=\"donate-difference\" class=\"kt-adv-heading165_b9726b-8c wp-block-kadence-advancedheading has-theme-palette-3-color has-text-color\" data-kb-block=\"kb-adv-heading165_b9726b-8c\">Make A Difference<\/h2>\n\n\n<style>.wp-block-kadence-advancedheading.kt-adv-heading165_34bd1d-9f, .wp-block-kadence-advancedheading.kt-adv-heading165_34bd1d-9f[data-kb-block=\"kb-adv-heading165_34bd1d-9f\"]{margin-top:0px;margin-bottom:var(--global-kb-spacing-md, 2rem);text-align:left;font-style:normal;}.wp-block-kadence-advancedheading.kt-adv-heading165_34bd1d-9f mark.kt-highlight, .wp-block-kadence-advancedheading.kt-adv-heading165_34bd1d-9f[data-kb-block=\"kb-adv-heading165_34bd1d-9f\"] mark.kt-highlight{font-style:normal;color:#f76a0c;-webkit-box-decoration-break:clone;box-decoration-break:clone;padding-top:0px;padding-right:0px;padding-bottom:0px;padding-left:0px;}.wp-block-kadence-advancedheading.kt-adv-heading165_34bd1d-9f img.kb-inline-image, .wp-block-kadence-advancedheading.kt-adv-heading165_34bd1d-9f[data-kb-block=\"kb-adv-heading165_34bd1d-9f\"] img.kb-inline-image{width:150px;vertical-align:baseline;}<\/style>\n<p class=\"kt-adv-heading165_34bd1d-9f wp-block-kadence-advancedheading has-theme-palette-4-color has-text-color\" data-kb-block=\"kb-adv-heading165_34bd1d-9f\">Your support is a vital force driving us closer to realizing our noble goal. With your generous donation, we can extend our reach to the farthest corners of the Cusco mountain region, ensuring that every individual, regardless of their background, has access to quality healthcare and compassionate support. Together, we can transform lives, making a tangible difference in the health and well-being of communities that need it most. By uniting with us, you&#8217;re not just donating \u2013 you&#8217;re becoming a catalyst for change, amplifying our commitment to uplifting all Peruvians in need of our care.<\/p>\n\n\n<style>.wp-block-kadence-advancedbtn.kb-btns165_8fc839-ff{gap:var(--global-kb-gap-xs, 0.5rem );justify-content:flex-start;align-items:center;}.kt-btns165_8fc839-ff .kt-button{font-weight:normal;font-style:normal;}<\/style>\n<div class=\"wp-block-kadence-advancedbtn kb-buttons-wrap kb-btns165_8fc839-ff\"><style>ul.menu .wp-block-kadence-advancedbtn .kb-btn165_5fb709-5d.kb-button{width:initial;}<\/style><a class=\"kb-button kt-button button kb-btn165_5fb709-5d kt-btn-size-large kt-btn-width-type-auto kb-btn-global-inherit  kt-btn-has-text-true kt-btn-has-svg-true  wp-block-button__link wp-block-kadence-singlebtn\" href=\"https:\/\/www.paypal.com\/donate\/?hosted_button_id=MW6R2D3WKFY2E\" target=\"_blank\" rel=\"noreferrer noopener\"><span class=\"kt-btn-inner-text\">Support Our Cause<\/span><span class=\"kb-svg-icon-wrap kb-svg-icon-fas_heartbeat kt-btn-icon-side-right\"><svg viewBox=\"0 0 512 512\"  fill=\"currentColor\" xmlns=\"http:\/\/www.w3.org\/2000\/svg\"  aria-hidden=\"true\"><path d=\"M320.2 243.8l-49.7 99.4c-6 12.1-23.4 11.7-28.9-.6l-56.9-126.3-30 71.7H60.6l182.5 186.5c7.1 7.3 18.6 7.3 25.7 0L451.4 288H342.3l-22.1-44.2zM473.7 73.9l-2.4-2.5c-51.5-52.6-135.8-52.6-187.4 0L256 100l-27.9-28.5c-51.5-52.7-135.9-52.7-187.4 0l-2.4 2.4C-10.4 123.7-12.5 203 31 256h102.4l35.9-86.2c5.4-12.9 23.6-13.2 29.4-.4l58.2 129.3 49-97.9c5.9-11.8 22.7-11.8 28.6 0l27.6 55.2H481c43.5-53 41.4-132.3-7.3-182.1z\"\/><\/svg><\/span><\/a><\/div>\n<\/div><\/div>\n\n\n<style>.kadence-column165_939264-0a > .kt-inside-inner-col,.kadence-column165_939264-0a > .kt-inside-inner-col:before{border-top-left-radius:0px;border-top-right-radius:0px;border-bottom-right-radius:0px;border-bottom-left-radius:0px;}.kadence-column165_939264-0a > .kt-inside-inner-col{column-gap:var(--global-kb-gap-sm, 1rem);}.kadence-column165_939264-0a > .kt-inside-inner-col{flex-direction:column;}.kadence-column165_939264-0a > .kt-inside-inner-col > .aligncenter{width:100%;}.kadence-column165_939264-0a > .kt-inside-inner-col:before{opacity:0.3;}.kadence-column165_939264-0a{position:relative;}@media all and (max-width: 1024px){.kadence-column165_939264-0a > .kt-inside-inner-col{flex-direction:column;justify-content:center;}}@media all and (max-width: 767px){.kadence-column165_939264-0a > .kt-inside-inner-col{flex-direction:column;justify-content:center;}}<\/style>\n<div class=\"wp-block-kadence-column kadence-column165_939264-0a\"><div class=\"kt-inside-inner-col\"><style>.kb-image165_b4010b-d1.kb-image-is-ratio-size, .kb-image165_b4010b-d1 .kb-image-is-ratio-size{max-width:330px;width:100%;}.wp-block-kadence-column > .kt-inside-inner-col > .kb-image165_b4010b-d1.kb-image-is-ratio-size, .wp-block-kadence-column > .kt-inside-inner-col > .kb-image165_b4010b-d1 .kb-image-is-ratio-size{align-self:unset;}.kb-image165_b4010b-d1 figure{max-width:330px;}.kb-image165_b4010b-d1 .image-is-svg, .kb-image165_b4010b-d1 .image-is-svg img{width:100%;}.kb-image165_b4010b-d1 .kb-image-has-overlay:after{opacity:0.3;border-top-left-radius:10px;border-top-right-radius:10px;border-bottom-right-radius:10px;border-bottom-left-radius:10px;}.kb-image165_b4010b-d1 img.kb-img, .kb-image165_b4010b-d1 .kb-img img{border-top-left-radius:10px;border-top-right-radius:10px;border-bottom-right-radius:10px;border-bottom-left-radius:10px;}<\/style>\n<div class=\"wp-block-kadence-image kb-image165_b4010b-d1\"><figure class=\"aligncenter size-full kb-image-is-ratio-size\"><div class=\"kb-is-ratio-image kb-image-ratio-port23\"><img loading=\"lazy\" decoding=\"async\" width=\"340\" height=\"511\" src=\"https:\/\/cervicusco.org\/wp-content\/uploads\/2023\/07\/mission1.jpg\" alt=\"\" class=\"kb-img wp-image-575\" srcset=\"https:\/\/cervicusco.org\/wp-content\/uploads\/2023\/07\/mission1.jpg 340w, https:\/\/cervicusco.org\/wp-content\/uploads\/2023\/07\/mission1-200x300.jpg 200w\" sizes=\"auto, (max-width: 340px) 100vw, 340px\" \/><\/div><\/figure><\/div>\n<\/div><\/div>\n\n<\/div><\/div>\n\n\n<p><strong>International Cervical Cancer (INCCA) Foundation<\/strong> All US donations to CerviCusco are made through INCCA, a 501(c)(3) and the US-based partner of CerviCusco. This arrangement ensures that <strong>100% <\/strong>of your restricted donation supports the work of CerviCusco, while allowing for your contribution to be tax-deductible to the extent allowed by law.<\/p>\n\n\n\n<figure class=\"wp-block-image size-large\"><img loading=\"lazy\" decoding=\"async\" width=\"1024\" height=\"683\" src=\"https:\/\/cervicusco.org\/wp-content\/uploads\/2025\/05\/DSC_6497-1024x683.jpg\" alt=\"\" class=\"wp-image-1963\" srcset=\"https:\/\/cervicusco.org\/wp-content\/uploads\/2025\/05\/DSC_6497-1024x683.jpg 1024w, https:\/\/cervicusco.org\/wp-content\/uploads\/2025\/05\/DSC_6497-300x200.jpg 300w, https:\/\/cervicusco.org\/wp-content\/uploads\/2025\/05\/DSC_6497-768x512.jpg 768w, https:\/\/cervicusco.org\/wp-content\/uploads\/2025\/05\/DSC_6497-1536x1024.jpg 1536w, https:\/\/cervicusco.org\/wp-content\/uploads\/2025\/05\/DSC_6497-2048x1365.jpg 2048w, https:\/\/cervicusco.org\/wp-content\/uploads\/2025\/05\/DSC_6497-18x12.jpg 18w\" sizes=\"auto, (max-width: 1024px) 100vw, 1024px\" \/><\/figure>\n\n\n\n<p><strong>Honorary or Memorial Gifts<\/strong> To make an honorary or memorial gift, please contact us at cervicusco.info@gmail.com.<\/p>\n\n\n\n<figure class=\"wp-block-image size-large\"><img loading=\"lazy\" decoding=\"async\" width=\"1024\" height=\"795\" src=\"https:\/\/cervicusco.org\/wp-content\/uploads\/2025\/05\/DSC_5926-1024x795.jpg\" alt=\"\" class=\"wp-image-1967\" srcset=\"https:\/\/cervicusco.org\/wp-content\/uploads\/2025\/05\/DSC_5926-1024x795.jpg 1024w, https:\/\/cervicusco.org\/wp-content\/uploads\/2025\/05\/DSC_5926-300x233.jpg 300w, https:\/\/cervicusco.org\/wp-content\/uploads\/2025\/05\/DSC_5926-768x596.jpg 768w, https:\/\/cervicusco.org\/wp-content\/uploads\/2025\/05\/DSC_5926-1536x1193.jpg 1536w, https:\/\/cervicusco.org\/wp-content\/uploads\/2025\/05\/DSC_5926-2048x1590.jpg 2048w, https:\/\/cervicusco.org\/wp-content\/uploads\/2025\/05\/DSC_5926-15x12.jpg 15w\" sizes=\"auto, (max-width: 1024px) 100vw, 1024px\" \/><\/figure>\n\n\n\n<figure class=\"wp-block-image size-large\"><img loading=\"lazy\" decoding=\"async\" width=\"1024\" height=\"721\" src=\"https:\/\/cervicusco.org\/wp-content\/uploads\/2025\/05\/DSC_6055-1024x721.jpg\" alt=\"\" class=\"wp-image-1969\" srcset=\"https:\/\/cervicusco.org\/wp-content\/uploads\/2025\/05\/DSC_6055-1024x721.jpg 1024w, https:\/\/cervicusco.org\/wp-content\/uploads\/2025\/05\/DSC_6055-300x211.jpg 300w, https:\/\/cervicusco.org\/wp-content\/uploads\/2025\/05\/DSC_6055-768x541.jpg 768w, https:\/\/cervicusco.org\/wp-content\/uploads\/2025\/05\/DSC_6055-1536x1081.jpg 1536w, https:\/\/cervicusco.org\/wp-content\/uploads\/2025\/05\/DSC_6055-2048x1441.jpg 2048w, https:\/\/cervicusco.org\/wp-content\/uploads\/2025\/05\/DSC_6055-18x12.jpg 18w\" sizes=\"auto, (max-width: 1024px) 100vw, 1024px\" \/><\/figure>\n","protected":false},"excerpt":{"rendered":"<p>Donar. En el centro de nuestro prop\u00f3sito se encuentra una profunda dedicaci\u00f3n a mejorar la salud y el bienestar de cada peruano. Nuestra b\u00fasqueda se caracteriza por la excelencia m\u00e9dica combinada con una compasi\u00f3n genuina, forjando un enfoque integral de la atenci\u00f3n m\u00e9dica. A trav\u00e9s de esta sinergia, nuestro objetivo es salvar las disparidades, superar los obst\u00e1culos e inculcar un cambio duradero en las vidas que...<\/p>","protected":false},"author":1,"featured_media":0,"parent":0,"menu_order":0,"comment_status":"closed","ping_status":"closed","template":"","meta":{"_seopress_robots_primary_cat":"","_seopress_titles_title":"","_seopress_titles_desc":"","_seopress_robots_index":"","_surecart_dashboard_logo_width":"180px","_surecart_dashboard_show_logo":true,"_surecart_dashboard_navigation_orders":true,"_surecart_dashboard_navigation_invoices":true,"_surecart_dashboard_navigation_subscriptions":true,"_surecart_dashboard_navigation_downloads":true,"_surecart_dashboard_navigation_billing":true,"_surecart_dashboard_navigation_account":true,"_kad_blocks_custom_css":"","_kad_blocks_head_custom_js":"","_kad_blocks_body_custom_js":"","_kad_blocks_footer_custom_js":"","_kad_post_transparent":"","_kad_post_title":"","_kad_post_layout":"","_kad_post_sidebar_id":"","_kad_post_content_style":"","_kad_post_vertical_padding":"","_kad_post_feature":"","_kad_post_feature_position":"","_kad_post_header":false,"_kad_post_footer":false,"_kad_post_classname":"","footnotes":""},"class_list":["post-165","page","type-page","status-publish","hentry"],"taxonomy_info":[],"featured_image_src_large":false,"author_info":{"display_name":"dylantb95","author_link":"https:\/\/cervicusco.org\/es\/author\/dylantb95\/"},"comment_info":0,"_links":{"self":[{"href":"https:\/\/cervicusco.org\/es\/wp-json\/wp\/v2\/pages\/165","targetHints":{"allow":["GET"]}}],"collection":[{"href":"https:\/\/cervicusco.org\/es\/wp-json\/wp\/v2\/pages"}],"about":[{"href":"https:\/\/cervicusco.org\/es\/wp-json\/wp\/v2\/types\/page"}],"author":[{"embeddable":true,"href":"https:\/\/cervicusco.org\/es\/wp-json\/wp\/v2\/users\/1"}],"replies":[{"embeddable":true,"href":"https:\/\/cervicusco.org\/es\/wp-json\/wp\/v2\/comments?post=165"}],"version-history":[{"count":39,"href":"https:\/\/cervicusco.org\/es\/wp-json\/wp\/v2\/pages\/165\/revisions"}],"predecessor-version":[{"id":1976,"href":"https:\/\/cervicusco.org\/es\/wp-json\/wp\/v2\/pages\/165\/revisions\/1976"}],"wp:attachment":[{"href":"https:\/\/cervicusco.org\/es\/wp-json\/wp\/v2\/media?parent=165"}],"curies":[{"name":"gracias","href":"https:\/\/api.w.org\/{rel}","templated":true}]}}